{"id":206,"date":"2024-02-01T10:46:38","date_gmt":"2024-02-01T10:46:38","guid":{"rendered":"https:\/\/theartofdetailing.nl\/?page_id=206"},"modified":"2024-03-14T12:51:01","modified_gmt":"2024-03-14T12:51:01","slug":"aanvullende-opties","status":"publish","type":"page","link":"https:\/\/theartofdetailing.nl\/index.php\/aanvullende-opties\/","title":{"rendered":"Aanvullende opties"},"content":{"rendered":"\n<div class=\"wp-block-columns is-layout-flex wp-container-core-columns-is-layout-9d6595d7 wp-block-columns-is-layout-flex\">\n<div class=\"wp-block-column is-layout-flow wp-block-column-is-layout-flow\" style=\"flex-basis:66.66%\">\n<p><strong>Ozonbehandeling<\/strong><\/p>\n\n\n\n<p><\/p>\n\n\n\n<p>Ozonbehandeling is d\u00e9 oplossing voor onaangename geurtjes in je auto. Deze snelle en veilige techniek maakt gebruik van ozongas om rook, huisdierengeuren en andere nare geurtjes effectief te neutraliseren. In slechts \u00e9\u00e9n behandelingssessie wordt je auto weer fris en schoon, zonder het gebruik van agressieve chemicali\u00ebn. Een ozonbehandeling werkt het beste als de auto eerst grondig schoongemaakt is, <a href=\"https:\/\/theartofdetailing.nl\/index.php\/interieur\/\">klik hier voor meer informatie over ons interieurpakket.<\/a><\/p>\n\n\n\n<p><\/p>\n\n\n\n<p>De kosten voor een ozonbehandeling bedragen \u20ac50,- en duurt ongeveer 8 uur.<\/p>\n\n\n\n<p><\/p>\n\n\n\n<p><\/p>\n\n\n\n<p><strong>Doffe koplampen herstellen<\/strong><\/p>\n\n\n\n<p><\/p>\n\n\n\n<p>Doffe koplampen kunnen meer dan alleen het esthetische aspect van je auto aantasten. Ze verminderen de zichtbaarheid op de weg, wat kan leiden tot onveilige rijomstandigheden, vooral &#8216;s nachts of bij slecht weer. Door doffe koplampen helder te maken, verbeter je de veiligheid voor zowel jou als andere weggebruikers. Met heldere koplampen ben je beter zichtbaar en heb je zelf beter zicht.<\/p>\n\n\n\n<p><\/p>\n\n\n\n<p>De kosten voor het herstellen van doffe koplampen bedragen \u20ac150,- en duurt ongeveer 1 dag. <\/p>\n<\/div>\n\n\n\n<div class=\"wp-block-column is-layout-flow wp-block-column-is-layout-flow\" style=\"flex-basis:33.33%\">\n<figure class=\"wp-block-image size-large\"><img loading=\"lazy\" decoding=\"async\" width=\"1024\" height=\"768\" src=\"https:\/\/theartofdetailing.nl\/wp-content\/uploads\/2024\/03\/20230223_204429-1024x768.jpg\" alt=\"\" class=\"wp-image-263\" srcset=\"https:\/\/theartofdetailing.nl\/wp-content\/uploads\/2024\/03\/20230223_204429-1024x768.jpg 1024w, https:\/\/theartofdetailing.nl\/wp-content\/uploads\/2024\/03\/20230223_204429-300x225.jpg 300w, https:\/\/theartofdetailing.nl\/wp-content\/uploads\/2024\/03\/20230223_204429-768x576.jpg 768w, https:\/\/theartofdetailing.nl\/wp-content\/uploads\/2024\/03\/20230223_204429-1536x1152.jpg 1536w, https:\/\/theartofdetailing.nl\/wp-content\/uploads\/2024\/03\/20230223_204429-2048x1536.jpg 2048w\" sizes=\"auto, (max-width: 1024px) 100vw, 1024px\" \/><\/figure>\n\n\n\n<figure class=\"wp-block-image size-large\"><img loading=\"lazy\" decoding=\"async\" width=\"1024\" height=\"768\" src=\"https:\/\/theartofdetailing.nl\/wp-content\/uploads\/2024\/03\/20221006_094629-1024x768.jpg\" alt=\"\" class=\"wp-image-264\" srcset=\"https:\/\/theartofdetailing.nl\/wp-content\/uploads\/2024\/03\/20221006_094629-1024x768.jpg 1024w, https:\/\/theartofdetailing.nl\/wp-content\/uploads\/2024\/03\/20221006_094629-300x225.jpg 300w, https:\/\/theartofdetailing.nl\/wp-content\/uploads\/2024\/03\/20221006_094629-768x576.jpg 768w, https:\/\/theartofdetailing.nl\/wp-content\/uploads\/2024\/03\/20221006_094629-1536x1152.jpg 1536w, https:\/\/theartofdetailing.nl\/wp-content\/uploads\/2024\/03\/20221006_094629-2048x1536.jpg 2048w\" sizes=\"auto, (max-width: 1024px) 100vw, 1024px\" \/><\/figure>\n<\/div>\n<\/div>\n","protected":false},"excerpt":{"rendered":"<p>Ozonbehandeling Ozonbehandeling is d\u00e9 oplossing voor onaangename geurtjes in je auto. Deze snelle en veilige techniek maakt gebruik van ozongas om rook, huisdierengeuren en andere nare geurtjes effectief te neutraliseren. In slechts \u00e9\u00e9n behandelingssessie wordt je auto weer fris en schoon, zonder het gebruik van agressieve chemicali\u00ebn. Een ozonbehandeling werkt het beste als de auto [&hellip;]<\/p>\n","protected":false},"author":1,"featured_media":0,"parent":0,"menu_order":0,"comment_status":"closed","ping_status":"closed","template":"","meta":{"_regular_price":[],"currency_symbol":[],"footnotes":""},"class_list":["post-206","page","type-page","status-publish","hentry"],"post_slider_layout_featured_media_urls":{"thumbnail":"","post_slider_layout_landscape_large":"","post_slider_layout_portrait_large":"","post_slider_layout_square_large":"","post_slider_layout_landscape":"","post_slider_layout_portrait":"","post_slider_layout_square":"","full":""},"yoast_head":"<!-- This site is optimized with the Yoast SEO plugin v21.7 - https:\/\/yoast.com\/wordpress\/plugins\/seo\/ -->\n<title>Aanvullende opties - Car Detailing Noord<\/title>\n<meta name=\"robots\" content=\"index, follow, max-snippet:-1, max-image-preview:large, max-video-preview:-1\" \/>\n<link rel=\"canonical\" href=\"https:\/\/theartofdetailing.nl\/index.php\/aanvullende-opties\/\" \/>\n<meta property=\"og:locale\" content=\"nl_NL\" \/>\n<meta property=\"og:type\" content=\"article\" \/>\n<meta property=\"og:title\" content=\"Aanvullende opties - Car Detailing Noord\" \/>\n<meta property=\"og:description\" content=\"Ozonbehandeling Ozonbehandeling is d\u00e9 oplossing voor onaangename geurtjes in je auto. Deze snelle en veilige techniek maakt gebruik van ozongas om rook, huisdierengeuren en andere nare geurtjes effectief te neutraliseren. In slechts \u00e9\u00e9n behandelingssessie wordt je auto weer fris en schoon, zonder het gebruik van agressieve chemicali\u00ebn. Een ozonbehandeling werkt het beste als de auto [&hellip;]\" \/>\n<meta property=\"og:url\" content=\"https:\/\/theartofdetailing.nl\/index.php\/aanvullende-opties\/\" \/>\n<meta property=\"og:site_name\" content=\"Car Detailing Noord\" \/>\n<meta property=\"article:modified_time\" content=\"2024-03-14T12:51:01+00:00\" \/>\n<meta property=\"og:image\" content=\"https:\/\/theartofdetailing.nl\/wp-content\/uploads\/2024\/03\/20230223_204429-1024x768.jpg\" \/>\n<meta name=\"twitter:card\" content=\"summary_large_image\" \/>\n<meta name=\"twitter:label1\" content=\"Geschatte leestijd\" \/>\n\t<meta name=\"twitter:data1\" content=\"2 minuten\" \/>\n<script type=\"application\/ld+json\" class=\"yoast-schema-graph\">{\"@context\":\"https:\/\/schema.org\",\"@graph\":[{\"@type\":\"WebPage\",\"@id\":\"https:\/\/theartofdetailing.nl\/index.php\/aanvullende-opties\/\",\"url\":\"https:\/\/theartofdetailing.nl\/index.php\/aanvullende-opties\/\",\"name\":\"Aanvullende opties - Car Detailing Noord\",\"isPartOf\":{\"@id\":\"https:\/\/theartofdetailing.nl\/#website\"},\"datePublished\":\"2024-02-01T10:46:38+00:00\",\"dateModified\":\"2024-03-14T12:51:01+00:00\",\"breadcrumb\":{\"@id\":\"https:\/\/theartofdetailing.nl\/index.php\/aanvullende-opties\/#breadcrumb\"},\"inLanguage\":\"nl-NL\",\"potentialAction\":[{\"@type\":\"ReadAction\",\"target\":[\"https:\/\/theartofdetailing.nl\/index.php\/aanvullende-opties\/\"]}]},{\"@type\":\"BreadcrumbList\",\"@id\":\"https:\/\/theartofdetailing.nl\/index.php\/aanvullende-opties\/#breadcrumb\",\"itemListElement\":[{\"@type\":\"ListItem\",\"position\":1,\"name\":\"Home\",\"item\":\"https:\/\/theartofdetailing.nl\/\"},{\"@type\":\"ListItem\",\"position\":2,\"name\":\"Aanvullende opties\"}]},{\"@type\":\"WebSite\",\"@id\":\"https:\/\/theartofdetailing.nl\/#website\",\"url\":\"https:\/\/theartofdetailing.nl\/\",\"name\":\"Car Detailing Noord\",\"description\":\"The Art of Detailing\",\"potentialAction\":[{\"@type\":\"SearchAction\",\"target\":{\"@type\":\"EntryPoint\",\"urlTemplate\":\"https:\/\/theartofdetailing.nl\/?s={search_term_string}\"},\"query-input\":\"required name=search_term_string\"}],\"inLanguage\":\"nl-NL\"}]}<\/script>\n<!-- \/ Yoast SEO plugin. -->","yoast_head_json":{"title":"Aanvullende opties - Car Detailing Noord","robots":{"index":"index","follow":"follow","max-snippet":"max-snippet:-1","max-image-preview":"max-image-preview:large","max-video-preview":"max-video-preview:-1"},"canonical":"https:\/\/theartofdetailing.nl\/index.php\/aanvullende-opties\/","og_locale":"nl_NL","og_type":"article","og_title":"Aanvullende opties - Car Detailing Noord","og_description":"Ozonbehandeling Ozonbehandeling is d\u00e9 oplossing voor onaangename geurtjes in je auto. Deze snelle en veilige techniek maakt gebruik van ozongas om rook, huisdierengeuren en andere nare geurtjes effectief te neutraliseren. In slechts \u00e9\u00e9n behandelingssessie wordt je auto weer fris en schoon, zonder het gebruik van agressieve chemicali\u00ebn. Een ozonbehandeling werkt het beste als de auto [&hellip;]","og_url":"https:\/\/theartofdetailing.nl\/index.php\/aanvullende-opties\/","og_site_name":"Car Detailing Noord","article_modified_time":"2024-03-14T12:51:01+00:00","og_image":[{"url":"https:\/\/theartofdetailing.nl\/wp-content\/uploads\/2024\/03\/20230223_204429-1024x768.jpg"}],"twitter_card":"summary_large_image","twitter_misc":{"Geschatte leestijd":"2 minuten"},"schema":{"@context":"https:\/\/schema.org","@graph":[{"@type":"WebPage","@id":"https:\/\/theartofdetailing.nl\/index.php\/aanvullende-opties\/","url":"https:\/\/theartofdetailing.nl\/index.php\/aanvullende-opties\/","name":"Aanvullende opties - Car Detailing Noord","isPartOf":{"@id":"https:\/\/theartofdetailing.nl\/#website"},"datePublished":"2024-02-01T10:46:38+00:00","dateModified":"2024-03-14T12:51:01+00:00","breadcrumb":{"@id":"https:\/\/theartofdetailing.nl\/index.php\/aanvullende-opties\/#breadcrumb"},"inLanguage":"nl-NL","potentialAction":[{"@type":"ReadAction","target":["https:\/\/theartofdetailing.nl\/index.php\/aanvullende-opties\/"]}]},{"@type":"BreadcrumbList","@id":"https:\/\/theartofdetailing.nl\/index.php\/aanvullende-opties\/#breadcrumb","itemListElement":[{"@type":"ListItem","position":1,"name":"Home","item":"https:\/\/theartofdetailing.nl\/"},{"@type":"ListItem","position":2,"name":"Aanvullende opties"}]},{"@type":"WebSite","@id":"https:\/\/theartofdetailing.nl\/#website","url":"https:\/\/theartofdetailing.nl\/","name":"Car Detailing Noord","description":"The Art of Detailing","potentialAction":[{"@type":"SearchAction","target":{"@type":"EntryPoint","urlTemplate":"https:\/\/theartofdetailing.nl\/?s={search_term_string}"},"query-input":"required name=search_term_string"}],"inLanguage":"nl-NL"}]}},"_links":{"self":[{"href":"https:\/\/theartofdetailing.nl\/index.php\/wp-json\/wp\/v2\/pages\/206","targetHints":{"allow":["GET"]}}],"collection":[{"href":"https:\/\/theartofdetailing.nl\/index.php\/wp-json\/wp\/v2\/pages"}],"about":[{"href":"https:\/\/theartofdetailing.nl\/index.php\/wp-json\/wp\/v2\/types\/page"}],"author":[{"embeddable":true,"href":"https:\/\/theartofdetailing.nl\/index.php\/wp-json\/wp\/v2\/users\/1"}],"replies":[{"embeddable":true,"href":"https:\/\/theartofdetailing.nl\/index.php\/wp-json\/wp\/v2\/comments?post=206"}],"version-history":[{"count":2,"href":"https:\/\/theartofdetailing.nl\/index.php\/wp-json\/wp\/v2\/pages\/206\/revisions"}],"predecessor-version":[{"id":265,"href":"https:\/\/theartofdetailing.nl\/index.php\/wp-json\/wp\/v2\/pages\/206\/revisions\/265"}],"wp:attachment":[{"href":"https:\/\/theartofdetailing.nl\/index.php\/wp-json\/wp\/v2\/media?parent=206"}],"curies":[{"name":"wp","href":"https:\/\/api.w.org\/{rel}","templated":true}]}}